{"id":17,"date":"2014-10-01T02:11:14","date_gmt":"2014-10-01T02:11:14","guid":{"rendered":"http:\/\/textosteatro.com\/br\/?page_id=2"},"modified":"2014-10-06T01:53:34","modified_gmt":"2014-10-06T01:53:34","slug":"curriculum","status":"publish","type":"page","link":"https:\/\/www.textosteatro.com\/es\/curriculum\/","title":{"rendered":"Curriculum"},"content":{"rendered":"<p style=\"text-align: center;\"><script src=\"\/\/pagead2.googlesyndication.com\/pagead\/js\/adsbygoogle.js\" async=\"\"><\/script><!-- rodap\u00e9 --> <ins class=\"adsbygoogle\" style=\"display: inline-block; width: 728px; height: 90px;\" data-ad-client=\"ca-pub-7922989058824856\" data-ad-slot=\"4336622816\"><\/ins><script>\/\/ <![CDATA[\n(adsbygoogle = window.adsbygoogle || []).push({});\n\/\/ ]]><\/script><!--more--><\/p>\n<p>&nbsp;<\/p>\n<div><big>Mi nombre es V\u00edctor Martins Sant\u2019Anna, y nac\u00ed en Porto Alegre (RS\/Brasil), 1962.<\/big><\/div>\n<div><big>\u00a0Como profesi\u00f3n, soy profesor de Inform\u00e1tica desde 1987 y he estado dando clases de computaci\u00f3n en los cursos de Administraci\u00f3n y Ciencias Contables de la <a href=\"http:\/\/es.euquefiz.com\/www.fapa.com.br\">FAPA<\/a> (Facultad Portoalegrense) aqu\u00ed en Porto Alegre. Poseo el t\u00edtulo de Licenciado en Inform\u00e1tica por la Pontificia Universidad Cat\u00f3lica del Rio Grande do Sul (1987) y Maestr\u00eda en Ciencias de la Computaci\u00f3n tambi\u00e9n por la PUC-RS (2000) en el \u00e1rea de Inteligencia Artificial.<\/big><\/div>\n<div><\/div>\n<blockquote><p>Tengo experiencia en el \u00e1rea de Ciencias de la Computaci\u00f3n, con \u00e9nfasis en Programaci\u00f3n de Juegos Educativos: fui autor de programas educativos (m\u00e1s de 60 t\u00edtulos) entre 1990 y 1997.<\/p><\/blockquote>\n<p>Par\u00e9 de programar profesionalmente en 1997, pero mis programas \u201c<a href=\"http:\/\/prog.naotemnome.com\/free\/alarmj\/index.html\">AlarmJ<\/a>\u201d, \u00ab<a href=\"http:\/\/prog.naotemnome.com\/share\/cardcontrol\/index.html\">Card Control<\/a>\u00ab,\u00a0 \u00ab<a href=\"http:\/\/prog.naotemnome.com\/free\/alertcalendar\/index.html\">Alert Calendar<\/a>\u00bb y \u00ab<a href=\"http:\/\/prog.naotemnome.com\/free\/bbws\/index.html\">Bounce Ball Wall Solitaire<\/a>\u00bb son distribuidos internacionalmente en m\u00e1s de 100 portales de download y, en conjunto, estos programas alcanzan la marca de 3000 downloads mensuales.<\/p>\n<div><big>\u00a0Comenc\u00e9 redactando guiones de v\u00eddeo: en 1986 me asoci\u00e9 con algunos amigos y creamos una productora de v\u00eddeo (<a href=\"http:\/\/www.spectrumvideodigital.com\/index.asp\">Spectrum Video Digital de Porto Alegre<\/a>) y ayud\u00e9 a redactar el gui\u00f3n de varios v\u00eddeos premiados entre 1989 y 1993.<\/big><\/div>\n<blockquote>\n<div><big>\u00a0Sobre teatro, soy apenas un escritor amateur, no gano absolutamente nada con lo que escribo y nunca hice teatro profesional: soy apenas un amante del teatro.<\/big><\/div>\n<div><\/div>\n<\/blockquote>\n<div>\u00a0Yo comenc\u00e9 a hacer teatro amateur en 1987 cuando estaba en el curso de Computaci\u00f3n, nunca llegu\u00e9 a ense\u00f1ar nada, particip\u00e9 de algunos grupos, hice algunos talleres, hice eso hasta el final de 1990. En esa \u00e9poca escrib\u00ed algunos textos, pero ninguno que los ley\u00f3 (amigos) mostr\u00f3 alg\u00fan inter\u00e9s. En el a\u00f1o 2002 decid\u00ed volver a escribir algunas cosas y publicar en Internet textos antiguos.\u00a0 Poco a poco fui publicando otros textos en mi p\u00e1gina. Alrededor del a\u00f1o 2003 mis textos comenzaron, lentamente, a ser encontrados y escenificados por grupos amateurs de todo Brasil. Esto hizo que me dedicara a escribir un poco m\u00e1s y, siempre que tuviera tiempo, terminaba un nuevo texto, generalmente alg\u00fan texto corto. Para mi sorpresa, mis textos comenzaron a ser cada vez m\u00e1s solicitados. Solo para dar una idea: en 2006 y 2007 recib\u00eda un e-mail por semana por causa de mi p\u00e1gina de teatro, \u00a1mis textos ganaron un espacio propio y viven casi independientes de m\u00ed!<\/div>\n<div><big>\u00a0A partir del 2009, algunos de mis textos fueron utilizados en montajes que ganaron premios y tambi\u00e9n comenc\u00e9 a ser descubierto. Y los textos comenzaron a ser utilizados fuera de Brasil.<\/big><\/div>\n<div><big>\u00a0Adem\u00e1s de las piezas de teatro mantengo algunos blogs con poes\u00edas que escribo de vez en cuando&#8230; Adem\u00e1s de esto, tengo algunos v\u00eddeos hechos por mi (dise\u00f1os animados \u00abtrash\u00bb) y uno de ellos, el v\u00eddeo \u00abL\u00f3gica\u00bb (<a href=\"http:\/\/www.youtube.com\/watch?v=3kUnxnbhDVg\">http:\/\/www.youtube.com\/watch?v=3kUnxnbhDVg<\/a>), a pesar de estar lejos de ser mi mejor trabajo, en el a\u00f1o 2010 lleg\u00f3 a registrar cerca de 100 mil reproducciones en Youtube<\/big><\/div>\n<p>&nbsp;<\/p>\n","protected":false},"excerpt":{"rendered":"","protected":false},"author":1,"featured_media":0,"parent":0,"menu_order":0,"comment_status":"open","ping_status":"open","template":"","meta":{"footnotes":""},"class_list":["post-17","page","type-page","status-publish","czr-hentry"],"jetpack_sharing_enabled":true,"_links":{"self":[{"href":"https:\/\/www.textosteatro.com\/es\/wp-json\/wp\/v2\/pages\/17","targetHints":{"allow":["GET"]}}],"collection":[{"href":"https:\/\/www.textosteatro.com\/es\/wp-json\/wp\/v2\/pages"}],"about":[{"href":"https:\/\/www.textosteatro.com\/es\/wp-json\/wp\/v2\/types\/page"}],"author":[{"embeddable":true,"href":"https:\/\/www.textosteatro.com\/es\/wp-json\/wp\/v2\/users\/1"}],"replies":[{"embeddable":true,"href":"https:\/\/www.textosteatro.com\/es\/wp-json\/wp\/v2\/comments?post=17"}],"version-history":[{"count":2,"href":"https:\/\/www.textosteatro.com\/es\/wp-json\/wp\/v2\/pages\/17\/revisions"}],"predecessor-version":[{"id":127,"href":"https:\/\/www.textosteatro.com\/es\/wp-json\/wp\/v2\/pages\/17\/revisions\/127"}],"wp:attachment":[{"href":"https:\/\/www.textosteatro.com\/es\/wp-json\/wp\/v2\/media?parent=17"}],"curies":[{"name":"wp","href":"https:\/\/api.w.org\/{rel}","templated":true}]}}