{"id":29,"date":"2014-10-01T12:58:07","date_gmt":"2014-10-01T15:58:07","guid":{"rendered":"http:\/\/textosteatro.com\/br\/?page_id=29"},"modified":"2014-10-01T12:58:07","modified_gmt":"2014-10-01T15:58:07","slug":"faq","status":"publish","type":"page","link":"https:\/\/www.textosteatro.com\/es\/faq\/","title":{"rendered":"D\u00favidas (F.A.Q.)"},"content":{"rendered":"<p style=\"text-align: center;\"><script src=\"\/\/pagead2.googlesyndication.com\/pagead\/js\/adsbygoogle.js\" async=\"\"><\/script><!-- rodap\u00e9 --> <ins class=\"adsbygoogle\" style=\"display: inline-block; width: 728px; height: 90px;\" data-ad-client=\"ca-pub-7922989058824856\" data-ad-slot=\"4336622816\"><\/ins><script>\/\/ <![CDATA[\n(adsbygoogle = window.adsbygoogle || []).push({});\n\/\/ ]]><\/script><!--more--><\/p>\n<p>Perguntas mais frequentes (tamb\u00e9m conhecido como\u00a0F.A.Q.)<\/p>\n<table border=\"0\" cellspacing=\"0\" cellpadding=\"0\">\n<tbody>\n<tr>\n<td width=\"280\">\u00a0<strong>F.A.Q. (Perguntas Mais Freq\u00fcentes)<br \/>\n<\/strong><\/td>\n<\/tr>\n<tr>\n<td class=\"line3\" colspan=\"1\" valign=\"top\">\n<table border=\"0\" width=\"98%\" cellspacing=\"0\" cellpadding=\"0\" align=\"center\">\n<tbody>\n<tr>\n<td valign=\"top\"><span style=\"font-size: small;\">1. Quanto custa para usar estes textos?<br \/>\nNada! Apesar de estarem registrados*, desde que eu n\u00e3o tenha despesas de envio pelo correio, os textos podem ser usados \u00abde gr\u00e1tis\u00bb!!!<\/span>* todos os meus textos est\u00e3o registrados<\/p>\n<p><span style=\"font-size: small;\">2. Preciso citar a autoria para usar um texto?<br \/>\nUma cita\u00e7\u00e3o ao meu nome, AL\u00c9M DE SER UMA OBRIGA\u00c7\u00c3O LEGAL, \u00e9\u00a0a \u00fanica exig\u00eancia!<br \/>\nExplicando: se voc\u00ea deixa de citar o nome do autor de qualquer obra intelectual, fica presumido que a obra \u00e9 sua e voc\u00ea pode ter de responder judicialmente por pl\u00e1gio&#8230; A melhor maneira de evitar problemas com textos de qualquer autor (inclusive os meus)\u00a0\u00e9 citar a autoria!<\/span><\/p>\n<p align=\"left\"><span style=\"font-size: small;\">3. Se eu REALMENTE precisar de uma autoriza\u00e7\u00e3o por escrito, como fa\u00e7o?<br \/>\nSe voc\u00ea precisa de um documento de autoriza\u00e7\u00e3o por escrito, eu cobro uma taxa que serve para diminuir as despesas mensais que tenho com esta p\u00e1gina, al\u00e9m das despesas de impress\u00e3o e envio pelo correio&#8230;<\/span><\/p>\n<p align=\"center\">CLIQUE no MENU <a title=\"Contato\" href=\"http:\/\/textosteatro.com\/br\/email\/\">CONTATO<\/a><br \/>\n(para meu e-mail mais atualizado)<\/p>\n<p><span style=\"font-size: small;\">4. Por que voc\u00ea cobra para enviar uma autoriza\u00e7\u00e3o por escrito&#8230; N\u00e3o custa quase nada!<br \/>\nBom&#8230; Imprimir e enviar autoriza\u00e7\u00f5es pelo correio come\u00e7ou a tomar todo o tempo livre que eu tinha para mim e minha fam\u00edlia&#8230; Al\u00e9m do custo de imprimir, selar, enviar, etc. O pessoal abusava e toda semana me pedia uma autoriza\u00e7\u00e3o pelo correio pagas do meu bolso! Preciso diminuir minhas despesas com a manuten\u00e7\u00e3o deste site e despesa de envio&#8230; Para quem\u00a0n\u00e3o precisar de um documento de autoriza\u00e7\u00e3o por escrito, os textos s\u00e3o gratuitos!<\/span><\/p>\n<p><span style=\"font-size: small;\">5. Voc\u00ea escreve textos por encomenda?<br \/>\nQuando tenho tempo, escrevo textos por encomenda: mas dificilmente tenho tempo! Se quiser arriscar, mande um e-mail perguntando!<\/span><\/td>\n<\/tr>\n<\/tbody>\n<\/table>\n<\/td>\n<\/tr>\n<\/tbody>\n<\/table>\n","protected":false},"excerpt":{"rendered":"","protected":false},"author":1,"featured_media":0,"parent":0,"menu_order":0,"comment_status":"open","ping_status":"closed","template":"","meta":{"footnotes":""},"class_list":["post-29","page","type-page","status-publish","czr-hentry"],"jetpack_sharing_enabled":true,"_links":{"self":[{"href":"https:\/\/www.textosteatro.com\/es\/wp-json\/wp\/v2\/pages\/29","targetHints":{"allow":["GET"]}}],"collection":[{"href":"https:\/\/www.textosteatro.com\/es\/wp-json\/wp\/v2\/pages"}],"about":[{"href":"https:\/\/www.textosteatro.com\/es\/wp-json\/wp\/v2\/types\/page"}],"author":[{"embeddable":true,"href":"https:\/\/www.textosteatro.com\/es\/wp-json\/wp\/v2\/users\/1"}],"replies":[{"embeddable":true,"href":"https:\/\/www.textosteatro.com\/es\/wp-json\/wp\/v2\/comments?post=29"}],"version-history":[{"count":0,"href":"https:\/\/www.textosteatro.com\/es\/wp-json\/wp\/v2\/pages\/29\/revisions"}],"wp:attachment":[{"href":"https:\/\/www.textosteatro.com\/es\/wp-json\/wp\/v2\/media?parent=29"}],"curies":[{"name":"wp","href":"https:\/\/api.w.org\/{rel}","templated":true}]}}